{"id":1058,"date":"2023-11-24T10:04:10","date_gmt":"2023-11-24T10:04:10","guid":{"rendered":"http:\/\/gc9267ac.web146.alfahosting-server.de\/?page_id=1058"},"modified":"2023-11-24T10:11:12","modified_gmt":"2023-11-24T10:11:12","slug":"impressum","status":"publish","type":"page","link":"https:\/\/amfin.de\/gb\/impressum\/","title":{"rendered":"Impressum"},"content":{"rendered":"<div data-elementor-type=\"wp-page\" data-elementor-id=\"1058\" class=\"elementor elementor-1058\">\n\t\t\t\t<div class=\"elementor-element elementor-element-2d86c7a e-con-full e-flex e-con e-parent\" data-id=\"2d86c7a\" data-element_type=\"container\" data-e-type=\"container\">\n\t\t\t\t<div class=\"elementor-element elementor-element-2e2fc403 elementor-widget elementor-widget-text-editor\" data-id=\"2e2fc403\" data-element_type=\"widget\" data-e-type=\"widget\" data-widget_type=\"text-editor.default\">\n\t\t\t\t<div class=\"elementor-widget-container\">\n\t\t\t\t\t\t\t\t\t<h5><span style=\"text-decoration: underline;\">Managing Director:<\/span><\/h5>\n<p>Monica Stoica<\/p>\n<h5><span style=\"text-decoration: underline;\">Tax number:<\/span><\/h5>\n<p>DE 273 978 283<\/p>\n<h5><span style=\"text-decoration: underline;\">Location:<\/span><\/h5>\n<p>Kelkheim<\/p>\n<h5><span style=\"text-decoration: underline;\">Register Court:<\/span><\/h5>\n<p>K\u00f6nigstein im Taunus HRB 11225<\/p>\n<p>Responsible for content<br \/>according to \u00a7 10 paragraph 3 MDStV:<br \/>amfin consulting GmbH<\/p>\n<h5><span style=\"text-decoration: underline;\">Disclaimer of liability:<\/span><\/h5>\n<p>Despite careful research and verification of the underlying sources, the domain owner and the author and person responsible for the website accept no liability for the content of the pages of our advertising partners. Any liability for the content and offers of these pages and any resulting damage is excluded.<\/p>\n<h5><span style=\"text-decoration: underline;\">External links:<\/span><\/h5>\n<p>The owners of this site expressly distance themselves from the content of other websites that may be accessed via links on this site. The respective owners are solely responsible for the content of linked websites.<\/p>\n<h5><span style=\"text-decoration: underline;\">Storage of data:<\/span><\/h5>\n<p>We store personal data on our web server for general publication on the Internet. You have the right to object to the publication of your personal data and to demand that it be deleted, even retrospectively.<\/p>\n<p>This also applies to entries in the guestbook and meeting point areas.<\/p>\n<p>We also store personal data on certain subpages. We need this personal data in order to be able to provide this service properly.<\/p>\n<p>We also need the personal data in the contact forms in order to get in touch with you.<\/p>\n<p>We use the personal data you provide online only for the fulfilment of the purposes presented on your own homepage. We do not sell this personal data to third parties or market it in any other way.<\/p>\n<h5><span style=\"text-decoration: underline;\">Copyright:<\/span><\/h5>\n<p>All brand names and trademarks mentioned on the website and possibly protected by third parties are subject without restriction to the provisions of the applicable trademark law and the ownership rights of the respective registered owners. The mere mention of a trade mark does not imply that it is not protected by third-party rights! The copyright for published objects created by us remains solely with us or the design agency.<\/p>\n<p>Reproduction or use of such graphics, audio documents, video sequences and texts in other electronic or printed publications is not permitted without the express consent of amfin consulting GmbH.<\/p>\t\t\t\t\t\t\t\t<\/div>\n\t\t\t\t<\/div>\n\t\t\t\t<\/div>\n\t\t\t\t<\/div>","protected":false},"excerpt":{"rendered":"<p>Gesch\u00e4ftsf\u00fchrer: Monica Stoica Steuernummer: DE 273 978 283 Sitz: Kelkheim Register-Gericht: K\u00f6nigstein im Taunus HRB 11225 Inhaltlich Verantwortlichergem\u00e4\u00df \u00a7 10 Absatz 3 MDStV:amfin consulting GmbH Haftungsausschluss: Der Domaininhaber sowie der Verfasser und Verantwortliche der Web-Site \u00fcbernehmen trotz sorgf\u00e4ltiger Recherche und \u00dcberpr\u00fcfung der zugrundeliegenden Quellen keine Gew\u00e4hr f\u00fcr den Inhalt der Seiten unserer Werbepartner. Jegliche Haftung &hellip;<\/p>\n<p class=\"read-more\"> <a class=\"\" href=\"https:\/\/amfin.de\/gb\/impressum\/\"> <span class=\"screen-reader-text\">Impressum<\/span> Read More &raquo;<\/a><\/p>","protected":false},"author":1,"featured_media":0,"parent":0,"menu_order":0,"comment_status":"closed","ping_status":"closed","template":"","meta":{"site-sidebar-layout":"default","site-content-layout":"","ast-site-content-layout":"default","site-content-style":"default","site-sidebar-style":"default","ast-global-header-display":"","ast-banner-title-visibility":"","ast-main-header-display":"","ast-hfb-above-header-display":"","ast-hfb-below-header-display":"","ast-hfb-mobile-header-display":"","site-post-title":"","ast-breadcrumbs-content":"","ast-featured-img":"","footer-sml-layout":"","theme-transparent-header-meta":"","adv-header-id-meta":"","stick-header-meta":"","header-above-stick-meta":"","header-main-stick-meta":"","header-below-stick-meta":"","astra-migrate-meta-layouts":"set","footnotes":""},"class_list":["post-1058","page","type-page","status-publish","hentry"],"_links":{"self":[{"href":"https:\/\/amfin.de\/gb\/wp-json\/wp\/v2\/pages\/1058","targetHints":{"allow":["GET"]}}],"collection":[{"href":"https:\/\/amfin.de\/gb\/wp-json\/wp\/v2\/pages"}],"about":[{"href":"https:\/\/amfin.de\/gb\/wp-json\/wp\/v2\/types\/page"}],"author":[{"embeddable":true,"href":"https:\/\/amfin.de\/gb\/wp-json\/wp\/v2\/users\/1"}],"replies":[{"embeddable":true,"href":"https:\/\/amfin.de\/gb\/wp-json\/wp\/v2\/comments?post=1058"}],"version-history":[{"count":4,"href":"https:\/\/amfin.de\/gb\/wp-json\/wp\/v2\/pages\/1058\/revisions"}],"predecessor-version":[{"id":1063,"href":"https:\/\/amfin.de\/gb\/wp-json\/wp\/v2\/pages\/1058\/revisions\/1063"}],"wp:attachment":[{"href":"https:\/\/amfin.de\/gb\/wp-json\/wp\/v2\/media?parent=1058"}],"curies":[{"name":"wp","href":"https:\/\/api.w.org\/{rel}","templated":true}]}}